{"id":5195,"date":"2022-01-19T10:37:39","date_gmt":"2022-01-19T10:37:39","guid":{"rendered":"https:\/\/www.ostseecup.com\/?page_id=5195"},"modified":"2022-10-26T16:49:04","modified_gmt":"2022-10-26T16:49:04","slug":"impressum","status":"publish","type":"page","link":"https:\/\/www.copadaurada.com\/fr\/impressum\/","title":{"rendered":"Mentions l\u00e9gales"},"content":{"rendered":"\t\t<div data-elementor-type=\"wp-page\" data-elementor-id=\"5195\" class=\"elementor elementor-5195\" data-elementor-post-type=\"page\">\n\t\t\t\t\t\t<section class=\"elementor-section elementor-top-section elementor-element elementor-element-ac7265d elementor-section-boxed elementor-section-height-default elementor-section-height-default\" data-id=\"ac7265d\" data-element_type=\"section\" data-e-type=\"section\" data-settings=\"{&quot;jet_parallax_layout_list&quot;:[{&quot;jet_parallax_layout_image&quot;:{&quot;url&quot;:&quot;&quot;,&quot;id&quot;:&quot;&quot;,&quot;size&quot;:&quot;&quot;},&quot;_id&quot;:&quot;d36a454&quot;,&quot;jet_parallax_layout_image_tablet&quot;:{&quot;url&quot;:&quot;&quot;,&quot;id&quot;:&quot;&quot;,&quot;size&quot;:&quot;&quot;},&quot;jet_parallax_layout_image_mobile&quot;:{&quot;url&quot;:&quot;&quot;,&quot;id&quot;:&quot;&quot;,&quot;size&quot;:&quot;&quot;},&quot;jet_parallax_layout_speed&quot;:{&quot;unit&quot;:&quot;%&quot;,&quot;size&quot;:50,&quot;sizes&quot;:[]},&quot;jet_parallax_layout_type&quot;:&quot;scroll&quot;,&quot;jet_parallax_layout_direction&quot;:&quot;1&quot;,&quot;jet_parallax_layout_fx_direction&quot;:null,&quot;jet_parallax_layout_z_index&quot;:&quot;&quot;,&quot;jet_parallax_layout_bg_x&quot;:50,&quot;jet_parallax_layout_bg_x_tablet&quot;:&quot;&quot;,&quot;jet_parallax_layout_bg_x_mobile&quot;:&quot;&quot;,&quot;jet_parallax_layout_bg_y&quot;:50,&quot;jet_parallax_layout_bg_y_tablet&quot;:&quot;&quot;,&quot;jet_parallax_layout_bg_y_mobile&quot;:&quot;&quot;,&quot;jet_parallax_layout_bg_size&quot;:&quot;auto&quot;,&quot;jet_parallax_layout_bg_size_tablet&quot;:&quot;&quot;,&quot;jet_parallax_layout_bg_size_mobile&quot;:&quot;&quot;,&quot;jet_parallax_layout_animation_prop&quot;:&quot;transform&quot;,&quot;jet_parallax_layout_on&quot;:[&quot;desktop&quot;,&quot;tablet&quot;]}],&quot;background_background&quot;:&quot;classic&quot;}\">\n\t\t\t\t\t\t<div class=\"elementor-container elementor-column-gap-default\">\n\t\t\t\t\t<div class=\"elementor-column elementor-col-100 elementor-top-column elementor-element elementor-element-e5425d2\" data-id=\"e5425d2\" data-element_type=\"column\" data-e-type=\"column\" data-settings=\"{&quot;background_background&quot;:&quot;classic&quot;}\">\n\t\t\t<div class=\"elementor-widget-wrap elementor-element-populated\">\n\t\t\t\t\t\t<div class=\"elementor-element elementor-element-11dfd8e elementor-widget elementor-widget-heading\" data-id=\"11dfd8e\" data-element_type=\"widget\" data-e-type=\"widget\" data-widget_type=\"heading.default\">\n\t\t\t\t<div class=\"elementor-widget-container\">\n\t\t\t\t\t<h1 class=\"elementor-heading-title elementor-size-default\">Impressum<\/h1>\t\t\t\t<\/div>\n\t\t\t\t<\/div>\n\t\t\t\t<div class=\"elementor-element elementor-element-b8a7ed0 elementor-widget-divider--view-line elementor-widget elementor-widget-divider\" data-id=\"b8a7ed0\" data-element_type=\"widget\" data-e-type=\"widget\" data-widget_type=\"divider.default\">\n\t\t\t\t<div class=\"elementor-widget-container\">\n\t\t\t\t\t\t\t<div class=\"elementor-divider\">\n\t\t\t<span class=\"elementor-divider-separator\">\n\t\t\t\t\t\t<\/span>\n\t\t<\/div>\n\t\t\t\t\t\t<\/div>\n\t\t\t\t<\/div>\n\t\t\t\t<div class=\"elementor-element elementor-element-0516ef4 elementor-widget elementor-widget-text-editor\" data-id=\"0516ef4\" data-element_type=\"widget\" data-e-type=\"widget\" data-widget_type=\"text-editor.default\">\n\t\t\t\t<div class=\"elementor-widget-container\">\n\t\t\t\t\t\t\t\t\t<p><strong style=\"font-size: 14px; letter-spacing: normal; text-align: start;\">Ballfreunde GmbH<\/strong><br style=\"font-size: 14px; letter-spacing: normal; text-align: start;\" \/><strong style=\"font-size: 14px; letter-spacing: normal; text-align: start;\">Gesch\u00e4ftsf\u00fchrer\u00a0<\/strong><span style=\"font-size: 14px; letter-spacing: normal; text-align: start;\">Fabian Ziethmann<\/span><br style=\"font-size: 14px; letter-spacing: normal; text-align: start;\" \/><strong style=\"font-size: 14px; letter-spacing: normal; text-align: start;\">Adresse\u00a0<\/strong><span style=\"font-size: 14px; letter-spacing: normal; text-align: start;\">Waldweg 13 21465 Wentorf (bei Hamburg)<\/span><br style=\"font-size: 14px; letter-spacing: normal; text-align: start;\" \/><strong style=\"font-size: 14px; letter-spacing: normal; text-align: start;\"><br \/>Kontakt<br \/>Tel.:\u00a0<\/strong><span style=\"font-size: 14px; letter-spacing: normal; text-align: start;\">040-55895037<\/span><strong style=\"font-size: 14px; letter-spacing: normal; text-align: start;\"><br \/>E-Mail:\u00a0<\/strong><span style=\"font-size: 14px; letter-spacing: normal; text-align: start;\">info@copadaurada.com<\/span><br style=\"font-size: 14px; letter-spacing: normal; text-align: start;\" \/><br style=\"font-size: 14px; letter-spacing: normal; text-align: start;\" \/><b style=\"font-size: 14px; letter-spacing: normal; text-align: start;\">Handelsregister\u00a0<\/b><span style=\"font-size: 14px; letter-spacing: normal; text-align: start;\">HRB 14220HL Amtsgericht L\u00fcbeck USt.-IdNr.: DE292841856 \u00a0<\/span><br style=\"font-size: 14px; letter-spacing: normal; text-align: start;\" \/><br style=\"font-size: 14px; letter-spacing: normal; text-align: start;\" \/><b style=\"margin-bottom: 0px; font-size: 14px; letter-spacing: normal; text-align: start;\">Rechtlicher Hinweis\u00a0<\/b><span style=\"font-size: 14px; letter-spacing: normal; text-align: start;\">Alle Rechte an den Inhalten dieser Internetseiten bleiben vorbehalten. Das gilt ebenso f\u00fcr Rechte an Markenbezeichnungen und Logos. Ballfreunde hat die mit diesem Internetauftritt verkn\u00fcpften Seiten vor der Setzung von Links gepr\u00fcft und keine rechtswidrigen Inhalte auf den verkn\u00fcpften Seiten festgestellt. Wir haben jedoch keinerlei Einfluss auf die aktuelle oder zuk\u00fcnftige Gestaltung und auf die Inhalte verlinkter Seiten.<\/span><\/p>\t\t\t\t\t\t\t\t<\/div>\n\t\t\t\t<\/div>\n\t\t\t\t\t<\/div>\n\t\t<\/div>\n\t\t\t\t\t<\/div>\n\t\t<\/section>\n\t\t\t\t<\/div>\n\t\t","protected":false},"excerpt":{"rendered":"<p>Impressum Ballfreunde GmbHGesch\u00e4ftsf\u00fchrer\u00a0Fabian ZiethmannAdresse\u00a0Waldweg 13 21465 Wentorf (bei Hamburg)KontaktTel.:\u00a0040-55895037E-Mail:\u00a0info@copadaurada.comHandelsregister\u00a0HRB 14220HL Amtsgericht L\u00fcbeck USt.-IdNr.: DE292841856 \u00a0Rechtlicher Hinweis\u00a0Alle Rechte an den Inhalten dieser Internetseiten bleiben vorbehalten. Das gilt ebenso f\u00fcr Rechte an Markenbezeichnungen und Logos. Ballfreunde hat die mit diesem Internetauftritt verkn\u00fcpften Seiten vor der Setzung von Links gepr\u00fcft und keine rechtswidrigen Inhalte auf den verkn\u00fcpften Seiten [&hellip;]<\/p>\n","protected":false},"author":3,"featured_media":0,"parent":0,"menu_order":0,"comment_status":"closed","ping_status":"closed","template":"elementor_header_footer","meta":{"_jf_save_progress":"","_joinchat":[],"footnotes":""},"class_list":["post-5195","page","type-page","status-publish","hentry"],"yoast_head":"<!-- This site is optimized with the Yoast SEO plugin v26.9 - https:\/\/yoast.com\/product\/yoast-seo-wordpress\/ -->\n<title>Impressum - Copa Daurada<\/title>\n<meta name=\"robots\" content=\"index, follow, max-snippet:-1, max-image-preview:large, max-video-preview:-1\" \/>\n<link rel=\"canonical\" href=\"https:\/\/www.copadaurada.com\/fr\/impressum\/\" \/>\n<meta property=\"og:locale\" content=\"fr_FR\" \/>\n<meta property=\"og:type\" content=\"article\" \/>\n<meta property=\"og:title\" content=\"Impressum - Copa Daurada\" \/>\n<meta property=\"og:description\" content=\"Impressum Ballfreunde GmbHGesch\u00e4ftsf\u00fchrer\u00a0Fabian ZiethmannAdresse\u00a0Waldweg 13 21465 Wentorf (bei Hamburg)KontaktTel.:\u00a0040-55895037E-Mail:\u00a0info@copadaurada.comHandelsregister\u00a0HRB 14220HL Amtsgericht L\u00fcbeck USt.-IdNr.: DE292841856 \u00a0Rechtlicher Hinweis\u00a0Alle Rechte an den Inhalten dieser Internetseiten bleiben vorbehalten. Das gilt ebenso f\u00fcr Rechte an Markenbezeichnungen und Logos. Ballfreunde hat die mit diesem Internetauftritt verkn\u00fcpften Seiten vor der Setzung von Links gepr\u00fcft und keine rechtswidrigen Inhalte auf den verkn\u00fcpften Seiten [&hellip;]\" \/>\n<meta property=\"og:url\" content=\"https:\/\/www.copadaurada.com\/fr\/impressum\/\" \/>\n<meta property=\"og:site_name\" content=\"Copa Daurada\" \/>\n<meta property=\"article:modified_time\" content=\"2022-10-26T16:49:04+00:00\" \/>\n<meta name=\"twitter:card\" content=\"summary_large_image\" \/>\n<script type=\"application\/ld+json\" class=\"yoast-schema-graph\">{\"@context\":\"https:\/\/schema.org\",\"@graph\":[{\"@type\":\"WebPage\",\"@id\":\"https:\/\/www.copadaurada.com\/is\/impressum\/\",\"url\":\"https:\/\/www.copadaurada.com\/is\/impressum\/\",\"name\":\"Impressum - Copa Daurada\",\"isPartOf\":{\"@id\":\"https:\/\/www.copadaurada.com\/nl\/#website\"},\"datePublished\":\"2022-01-19T10:37:39+00:00\",\"dateModified\":\"2022-10-26T16:49:04+00:00\",\"breadcrumb\":{\"@id\":\"https:\/\/www.copadaurada.com\/is\/impressum\/#breadcrumb\"},\"inLanguage\":\"fr-FR\",\"potentialAction\":[{\"@type\":\"ReadAction\",\"target\":[\"https:\/\/www.copadaurada.com\/is\/impressum\/\"]}]},{\"@type\":\"BreadcrumbList\",\"@id\":\"https:\/\/www.copadaurada.com\/is\/impressum\/#breadcrumb\",\"itemListElement\":[{\"@type\":\"ListItem\",\"position\":1,\"name\":\"Home\",\"item\":\"https:\/\/www.copadaurada.com\/\"},{\"@type\":\"ListItem\",\"position\":2,\"name\":\"Impressum\"}]},{\"@type\":\"WebSite\",\"@id\":\"https:\/\/www.copadaurada.com\/nl\/#website\",\"url\":\"https:\/\/www.copadaurada.com\/nl\/\",\"name\":\"Copa Daurada\",\"description\":\"01. \u2013 05. April 2024, Salou (Barcelona)\",\"publisher\":{\"@id\":\"https:\/\/www.copadaurada.com\/nl\/#organization\"},\"potentialAction\":[{\"@type\":\"SearchAction\",\"target\":{\"@type\":\"EntryPoint\",\"urlTemplate\":\"https:\/\/www.copadaurada.com\/nl\/?s={search_term_string}\"},\"query-input\":{\"@type\":\"PropertyValueSpecification\",\"valueRequired\":true,\"valueName\":\"search_term_string\"}}],\"inLanguage\":\"fr-FR\"},{\"@type\":\"Organization\",\"@id\":\"https:\/\/www.copadaurada.com\/nl\/#organization\",\"name\":\"Copa Daurada\",\"alternateName\":\"Copa\",\"url\":\"https:\/\/www.copadaurada.com\/nl\/\",\"logo\":{\"@type\":\"ImageObject\",\"inLanguage\":\"fr-FR\",\"@id\":\"https:\/\/www.copadaurada.com\/nl\/#\/schema\/logo\/image\/\",\"url\":\"https:\/\/www.copadaurada.com\/wp-content\/uploads\/cropped-Copa_Daurada_Site_Icon.jpg\",\"contentUrl\":\"https:\/\/www.copadaurada.com\/wp-content\/uploads\/cropped-Copa_Daurada_Site_Icon.jpg\",\"width\":512,\"height\":512,\"caption\":\"Copa Daurada\"},\"image\":{\"@id\":\"https:\/\/www.copadaurada.com\/nl\/#\/schema\/logo\/image\/\"}}]}<\/script>\n<!-- \/ Yoast SEO plugin. -->","yoast_head_json":{"title":"Mentions l\u00e9gales - Copa Daurada","robots":{"index":"index","follow":"follow","max-snippet":"max-snippet:-1","max-image-preview":"max-image-preview:large","max-video-preview":"max-video-preview:-1"},"canonical":"https:\/\/www.copadaurada.com\/fr\/impressum\/","og_locale":"fr_FR","og_type":"article","og_title":"Impressum - Copa Daurada","og_description":"Impressum Ballfreunde GmbHGesch\u00e4ftsf\u00fchrer\u00a0Fabian ZiethmannAdresse\u00a0Waldweg 13 21465 Wentorf (bei Hamburg)KontaktTel.:\u00a0040-55895037E-Mail:\u00a0info@copadaurada.comHandelsregister\u00a0HRB 14220HL Amtsgericht L\u00fcbeck USt.-IdNr.: DE292841856 \u00a0Rechtlicher Hinweis\u00a0Alle Rechte an den Inhalten dieser Internetseiten bleiben vorbehalten. Das gilt ebenso f\u00fcr Rechte an Markenbezeichnungen und Logos. Ballfreunde hat die mit diesem Internetauftritt verkn\u00fcpften Seiten vor der Setzung von Links gepr\u00fcft und keine rechtswidrigen Inhalte auf den verkn\u00fcpften Seiten [&hellip;]","og_url":"https:\/\/www.copadaurada.com\/fr\/impressum\/","og_site_name":"Copa Daurada","article_modified_time":"2022-10-26T16:49:04+00:00","twitter_card":"summary_large_image","schema":{"@context":"https:\/\/schema.org","@graph":[{"@type":"WebPage","@id":"https:\/\/www.copadaurada.com\/is\/impressum\/","url":"https:\/\/www.copadaurada.com\/is\/impressum\/","name":"Mentions l\u00e9gales - Copa Daurada","isPartOf":{"@id":"https:\/\/www.copadaurada.com\/nl\/#website"},"datePublished":"2022-01-19T10:37:39+00:00","dateModified":"2022-10-26T16:49:04+00:00","breadcrumb":{"@id":"https:\/\/www.copadaurada.com\/is\/impressum\/#breadcrumb"},"inLanguage":"fr-FR","potentialAction":[{"@type":"ReadAction","target":["https:\/\/www.copadaurada.com\/is\/impressum\/"]}]},{"@type":"BreadcrumbList","@id":"https:\/\/www.copadaurada.com\/is\/impressum\/#breadcrumb","itemListElement":[{"@type":"ListItem","position":1,"name":"Home","item":"https:\/\/www.copadaurada.com\/"},{"@type":"ListItem","position":2,"name":"Impressum"}]},{"@type":"WebSite","@id":"https:\/\/www.copadaurada.com\/nl\/#website","url":"https:\/\/www.copadaurada.com\/nl\/","name":"Copa Daurada","description":"01 - 05 avril 2024, Salou (Barcelone)","publisher":{"@id":"https:\/\/www.copadaurada.com\/nl\/#organization"},"potentialAction":[{"@type":"SearchAction","target":{"@type":"EntryPoint","urlTemplate":"https:\/\/www.copadaurada.com\/nl\/?s={search_term_string}"},"query-input":{"@type":"PropertyValueSpecification","valueRequired":true,"valueName":"search_term_string"}}],"inLanguage":"fr-FR"},{"@type":"Organization","@id":"https:\/\/www.copadaurada.com\/nl\/#organization","name":"Copa Daurada","alternateName":"Copa","url":"https:\/\/www.copadaurada.com\/nl\/","logo":{"@type":"ImageObject","inLanguage":"fr-FR","@id":"https:\/\/www.copadaurada.com\/nl\/#\/schema\/logo\/image\/","url":"https:\/\/www.copadaurada.com\/wp-content\/uploads\/cropped-Copa_Daurada_Site_Icon.jpg","contentUrl":"https:\/\/www.copadaurada.com\/wp-content\/uploads\/cropped-Copa_Daurada_Site_Icon.jpg","width":512,"height":512,"caption":"Copa Daurada"},"image":{"@id":"https:\/\/www.copadaurada.com\/nl\/#\/schema\/logo\/image\/"}}]}},"_links":{"self":[{"href":"https:\/\/www.copadaurada.com\/fr\/wp-json\/wp\/v2\/pages\/5195","targetHints":{"allow":["GET"]}}],"collection":[{"href":"https:\/\/www.copadaurada.com\/fr\/wp-json\/wp\/v2\/pages"}],"about":[{"href":"https:\/\/www.copadaurada.com\/fr\/wp-json\/wp\/v2\/types\/page"}],"author":[{"embeddable":true,"href":"https:\/\/www.copadaurada.com\/fr\/wp-json\/wp\/v2\/users\/3"}],"replies":[{"embeddable":true,"href":"https:\/\/www.copadaurada.com\/fr\/wp-json\/wp\/v2\/comments?post=5195"}],"version-history":[{"count":14,"href":"https:\/\/www.copadaurada.com\/fr\/wp-json\/wp\/v2\/pages\/5195\/revisions"}],"predecessor-version":[{"id":9184,"href":"https:\/\/www.copadaurada.com\/fr\/wp-json\/wp\/v2\/pages\/5195\/revisions\/9184"}],"wp:attachment":[{"href":"https:\/\/www.copadaurada.com\/fr\/wp-json\/wp\/v2\/media?parent=5195"}],"curies":[{"name":"wp","href":"https:\/\/api.w.org\/{rel}","templated":true}]}}