{"id":9182,"date":"2023-01-20T07:31:21","date_gmt":"2023-01-20T07:31:21","guid":{"rendered":"https:\/\/www.copadaurada.com\/?page_id=9182"},"modified":"2023-01-20T07:40:30","modified_gmt":"2023-01-20T07:40:30","slug":"confirmation-kontaktformular","status":"publish","type":"page","link":"https:\/\/www.copadaurada.com\/es\/confirmation-kontaktformular\/","title":{"rendered":"Formulario de contacto de confirmaci\u00f3n"},"content":{"rendered":"\t\t<div data-elementor-type=\"wp-page\" data-elementor-id=\"9182\" class=\"elementor elementor-9182\" data-elementor-post-type=\"page\">\n\t\t\t\t\t\t<section class=\"elementor-section elementor-top-section elementor-element elementor-element-ac7265d elementor-section-boxed elementor-section-height-default elementor-section-height-default\" data-id=\"ac7265d\" data-element_type=\"section\" data-e-type=\"section\" data-settings=\"{&quot;jet_parallax_layout_list&quot;:[{&quot;jet_parallax_layout_image&quot;:{&quot;url&quot;:&quot;&quot;,&quot;id&quot;:&quot;&quot;,&quot;size&quot;:&quot;&quot;},&quot;_id&quot;:&quot;d36a454&quot;,&quot;jet_parallax_layout_image_tablet&quot;:{&quot;url&quot;:&quot;&quot;,&quot;id&quot;:&quot;&quot;,&quot;size&quot;:&quot;&quot;},&quot;jet_parallax_layout_image_mobile&quot;:{&quot;url&quot;:&quot;&quot;,&quot;id&quot;:&quot;&quot;,&quot;size&quot;:&quot;&quot;},&quot;jet_parallax_layout_speed&quot;:{&quot;unit&quot;:&quot;%&quot;,&quot;size&quot;:50,&quot;sizes&quot;:[]},&quot;jet_parallax_layout_type&quot;:&quot;scroll&quot;,&quot;jet_parallax_layout_direction&quot;:&quot;1&quot;,&quot;jet_parallax_layout_fx_direction&quot;:null,&quot;jet_parallax_layout_z_index&quot;:&quot;&quot;,&quot;jet_parallax_layout_bg_x&quot;:50,&quot;jet_parallax_layout_bg_x_tablet&quot;:&quot;&quot;,&quot;jet_parallax_layout_bg_x_mobile&quot;:&quot;&quot;,&quot;jet_parallax_layout_bg_y&quot;:50,&quot;jet_parallax_layout_bg_y_tablet&quot;:&quot;&quot;,&quot;jet_parallax_layout_bg_y_mobile&quot;:&quot;&quot;,&quot;jet_parallax_layout_bg_size&quot;:&quot;auto&quot;,&quot;jet_parallax_layout_bg_size_tablet&quot;:&quot;&quot;,&quot;jet_parallax_layout_bg_size_mobile&quot;:&quot;&quot;,&quot;jet_parallax_layout_animation_prop&quot;:&quot;transform&quot;,&quot;jet_parallax_layout_on&quot;:[&quot;desktop&quot;,&quot;tablet&quot;]}],&quot;background_background&quot;:&quot;classic&quot;}\">\n\t\t\t\t\t\t<div class=\"elementor-container elementor-column-gap-default\">\n\t\t\t\t\t<div class=\"elementor-column elementor-col-100 elementor-top-column elementor-element elementor-element-e5425d2\" data-id=\"e5425d2\" data-element_type=\"column\" data-e-type=\"column\" data-settings=\"{&quot;background_background&quot;:&quot;classic&quot;}\">\n\t\t\t<div class=\"elementor-widget-wrap elementor-element-populated\">\n\t\t\t\t\t\t<div class=\"elementor-element elementor-element-b9e87a6 elementor-widget elementor-widget-image\" data-id=\"b9e87a6\" data-element_type=\"widget\" data-e-type=\"widget\" data-widget_type=\"image.default\">\n\t\t\t\t<div class=\"elementor-widget-container\">\n\t\t\t\t\t\t\t\t\t\t\t\t\t\t\t<img fetchpriority=\"high\" decoding=\"async\" width=\"512\" height=\"512\" src=\"https:\/\/www.copadaurada.com\/wp-content\/uploads\/Copa_Daurada_Site_Icon.jpg\" class=\"attachment-full size-full wp-image-7417\" alt=\"\" srcset=\"https:\/\/www.copadaurada.com\/wp-content\/uploads\/Copa_Daurada_Site_Icon.jpg 512w, https:\/\/www.copadaurada.com\/wp-content\/uploads\/Copa_Daurada_Site_Icon-350x350.jpg 350w, https:\/\/www.copadaurada.com\/wp-content\/uploads\/Copa_Daurada_Site_Icon-150x150.jpg 150w, https:\/\/www.copadaurada.com\/wp-content\/uploads\/Copa_Daurada_Site_Icon-230x230.jpg 230w, https:\/\/www.copadaurada.com\/wp-content\/uploads\/Copa_Daurada_Site_Icon-400x400.jpg 400w\" sizes=\"(max-width: 512px) 100vw, 512px\" \/>\t\t\t\t\t\t\t\t\t\t\t\t\t\t\t<\/div>\n\t\t\t\t<\/div>\n\t\t\t\t<div class=\"elementor-element elementor-element-11dfd8e elementor-widget elementor-widget-heading\" data-id=\"11dfd8e\" data-element_type=\"widget\" data-e-type=\"widget\" data-widget_type=\"heading.default\">\n\t\t\t\t<div class=\"elementor-widget-container\">\n\t\t\t\t\t<h1 class=\"elementor-heading-title elementor-size-default\">Best\u00e4tigung deiner Anfrage<\/h1>\t\t\t\t<\/div>\n\t\t\t\t<\/div>\n\t\t\t\t<div class=\"elementor-element elementor-element-b8a7ed0 elementor-widget-divider--view-line elementor-widget elementor-widget-divider\" data-id=\"b8a7ed0\" data-element_type=\"widget\" data-e-type=\"widget\" data-widget_type=\"divider.default\">\n\t\t\t\t<div class=\"elementor-widget-container\">\n\t\t\t\t\t\t\t<div class=\"elementor-divider\">\n\t\t\t<span class=\"elementor-divider-separator\">\n\t\t\t\t\t\t<\/span>\n\t\t<\/div>\n\t\t\t\t\t\t<\/div>\n\t\t\t\t<\/div>\n\t\t\t\t<div class=\"elementor-element elementor-element-0516ef4 elementor-widget elementor-widget-text-editor\" data-id=\"0516ef4\" data-element_type=\"widget\" data-e-type=\"widget\" data-widget_type=\"text-editor.default\">\n\t\t\t\t<div class=\"elementor-widget-container\">\n\t\t\t\t\t\t\t\t\t<p><strong>Vielen Dank f\u00fcr Deine Anfrage und Euer Interesse an der Copa Daurada in Salou\/Barcelona!<\/strong><\/p><p>Wir werden uns innerhalb von 24 Stunden bei Dir zur\u00fcckmelden &amp; Dir weitere Infos und Preise per Mail zuschicken!<\/p>\t\t\t\t\t\t\t\t<\/div>\n\t\t\t\t<\/div>\n\t\t\t\t<div class=\"elementor-element elementor-element-5402dbe elementor-widget elementor-widget-text-editor\" data-id=\"5402dbe\" data-element_type=\"widget\" data-e-type=\"widget\" data-widget_type=\"text-editor.default\">\n\t\t\t\t<div class=\"elementor-widget-container\">\n\t\t\t\t\t\t\t\t\t<p><a href=\"http:\/\/www.copadaurada.com\"><b>zur\u00fcck zur Startseite &#8211;&gt; hier klicken<\/b><\/a><\/p>\t\t\t\t\t\t\t\t<\/div>\n\t\t\t\t<\/div>\n\t\t\t\t\t<\/div>\n\t\t<\/div>\n\t\t\t\t\t<\/div>\n\t\t<\/section>\n\t\t\t\t<\/div>\n\t\t","protected":false},"excerpt":{"rendered":"<p>Confirmaci\u00f3n de su consulta \u00a1Gracias por su consulta y su inter\u00e9s en la Copa Daurada en Salou\/Barcelona! Nos pondremos en contacto con usted en un plazo de 24 horas y le enviaremos m\u00e1s informaci\u00f3n y precios por correo electr\u00f3nico. Volver a la p\u00e1gina de inicio -&gt; haga clic aqu\u00ed<\/p>","protected":false},"author":3,"featured_media":0,"parent":0,"menu_order":0,"comment_status":"closed","ping_status":"closed","template":"elementor_header_footer","meta":{"_jf_save_progress":"","_joinchat":[],"footnotes":""},"class_list":["post-9182","page","type-page","status-publish","hentry"],"yoast_head":"<!-- This site is optimized with the Yoast SEO plugin v26.9 - https:\/\/yoast.com\/product\/yoast-seo-wordpress\/ -->\n<title>Confirmation Kontaktformular - Copa Daurada<\/title>\n<meta name=\"robots\" content=\"index, follow, max-snippet:-1, max-image-preview:large, max-video-preview:-1\" \/>\n<link rel=\"canonical\" href=\"https:\/\/www.copadaurada.com\/es\/confirmation-kontaktformular\/\" \/>\n<meta property=\"og:locale\" content=\"es_ES\" \/>\n<meta property=\"og:type\" content=\"article\" \/>\n<meta property=\"og:title\" content=\"Confirmation Kontaktformular - Copa Daurada\" \/>\n<meta property=\"og:description\" content=\"Best\u00e4tigung deiner Anfrage Vielen Dank f\u00fcr Deine Anfrage und Euer Interesse an der Copa Daurada in Salou\/Barcelona! Wir werden uns innerhalb von 24 Stunden bei Dir zur\u00fcckmelden &amp; Dir weitere Infos und Preise per Mail zuschicken! zur\u00fcck zur Startseite &#8211;&gt; hier klicken\" \/>\n<meta property=\"og:url\" content=\"https:\/\/www.copadaurada.com\/es\/confirmation-kontaktformular\/\" \/>\n<meta property=\"og:site_name\" content=\"Copa Daurada\" \/>\n<meta property=\"article:modified_time\" content=\"2023-01-20T07:40:30+00:00\" \/>\n<meta property=\"og:image\" content=\"https:\/\/www.copadaurada.com\/wp-content\/uploads\/Copa_Daurada_Site_Icon.jpg\" \/>\n<meta name=\"twitter:card\" content=\"summary_large_image\" \/>\n<meta name=\"twitter:label1\" content=\"Tiempo de lectura\" \/>\n\t<meta name=\"twitter:data1\" content=\"1 minuto\" \/>\n<script type=\"application\/ld+json\" class=\"yoast-schema-graph\">{\"@context\":\"https:\/\/schema.org\",\"@graph\":[{\"@type\":\"WebPage\",\"@id\":\"https:\/\/www.copadaurada.com\/nl\/confirmation-kontaktformular\/\",\"url\":\"https:\/\/www.copadaurada.com\/nl\/confirmation-kontaktformular\/\",\"name\":\"Confirmation Kontaktformular - Copa Daurada\",\"isPartOf\":{\"@id\":\"https:\/\/www.copadaurada.com\/nl\/#website\"},\"primaryImageOfPage\":{\"@id\":\"https:\/\/www.copadaurada.com\/nl\/confirmation-kontaktformular\/#primaryimage\"},\"image\":{\"@id\":\"https:\/\/www.copadaurada.com\/nl\/confirmation-kontaktformular\/#primaryimage\"},\"thumbnailUrl\":\"https:\/\/www.copadaurada.com\/wp-content\/uploads\/Copa_Daurada_Site_Icon.jpg\",\"datePublished\":\"2023-01-20T07:31:21+00:00\",\"dateModified\":\"2023-01-20T07:40:30+00:00\",\"breadcrumb\":{\"@id\":\"https:\/\/www.copadaurada.com\/nl\/confirmation-kontaktformular\/#breadcrumb\"},\"inLanguage\":\"es\",\"potentialAction\":[{\"@type\":\"ReadAction\",\"target\":[\"https:\/\/www.copadaurada.com\/nl\/confirmation-kontaktformular\/\"]}]},{\"@type\":\"ImageObject\",\"inLanguage\":\"es\",\"@id\":\"https:\/\/www.copadaurada.com\/nl\/confirmation-kontaktformular\/#primaryimage\",\"url\":\"https:\/\/www.copadaurada.com\/wp-content\/uploads\/Copa_Daurada_Site_Icon.jpg\",\"contentUrl\":\"https:\/\/www.copadaurada.com\/wp-content\/uploads\/Copa_Daurada_Site_Icon.jpg\"},{\"@type\":\"BreadcrumbList\",\"@id\":\"https:\/\/www.copadaurada.com\/nl\/confirmation-kontaktformular\/#breadcrumb\",\"itemListElement\":[{\"@type\":\"ListItem\",\"position\":1,\"name\":\"Home\",\"item\":\"https:\/\/www.copadaurada.com\/\"},{\"@type\":\"ListItem\",\"position\":2,\"name\":\"Confirmation Kontaktformular\"}]},{\"@type\":\"WebSite\",\"@id\":\"https:\/\/www.copadaurada.com\/nl\/#website\",\"url\":\"https:\/\/www.copadaurada.com\/nl\/\",\"name\":\"Copa Daurada\",\"description\":\"01. \u2013 05. April 2024, Salou (Barcelona)\",\"publisher\":{\"@id\":\"https:\/\/www.copadaurada.com\/nl\/#organization\"},\"potentialAction\":[{\"@type\":\"SearchAction\",\"target\":{\"@type\":\"EntryPoint\",\"urlTemplate\":\"https:\/\/www.copadaurada.com\/nl\/?s={search_term_string}\"},\"query-input\":{\"@type\":\"PropertyValueSpecification\",\"valueRequired\":true,\"valueName\":\"search_term_string\"}}],\"inLanguage\":\"es\"},{\"@type\":\"Organization\",\"@id\":\"https:\/\/www.copadaurada.com\/nl\/#organization\",\"name\":\"Copa Daurada\",\"alternateName\":\"Copa\",\"url\":\"https:\/\/www.copadaurada.com\/nl\/\",\"logo\":{\"@type\":\"ImageObject\",\"inLanguage\":\"es\",\"@id\":\"https:\/\/www.copadaurada.com\/nl\/#\/schema\/logo\/image\/\",\"url\":\"https:\/\/www.copadaurada.com\/wp-content\/uploads\/cropped-Copa_Daurada_Site_Icon.jpg\",\"contentUrl\":\"https:\/\/www.copadaurada.com\/wp-content\/uploads\/cropped-Copa_Daurada_Site_Icon.jpg\",\"width\":512,\"height\":512,\"caption\":\"Copa Daurada\"},\"image\":{\"@id\":\"https:\/\/www.copadaurada.com\/nl\/#\/schema\/logo\/image\/\"}}]}<\/script>\n<!-- \/ Yoast SEO plugin. -->","yoast_head_json":{"title":"Formulario de contacto de confirmaci\u00f3n - Copa Daurada","robots":{"index":"index","follow":"follow","max-snippet":"max-snippet:-1","max-image-preview":"max-image-preview:large","max-video-preview":"max-video-preview:-1"},"canonical":"https:\/\/www.copadaurada.com\/es\/confirmation-kontaktformular\/","og_locale":"es_ES","og_type":"article","og_title":"Confirmation Kontaktformular - Copa Daurada","og_description":"Best\u00e4tigung deiner Anfrage Vielen Dank f\u00fcr Deine Anfrage und Euer Interesse an der Copa Daurada in Salou\/Barcelona! Wir werden uns innerhalb von 24 Stunden bei Dir zur\u00fcckmelden &amp; Dir weitere Infos und Preise per Mail zuschicken! zur\u00fcck zur Startseite &#8211;&gt; hier klicken","og_url":"https:\/\/www.copadaurada.com\/es\/confirmation-kontaktformular\/","og_site_name":"Copa Daurada","article_modified_time":"2023-01-20T07:40:30+00:00","og_image":[{"url":"https:\/\/www.copadaurada.com\/wp-content\/uploads\/Copa_Daurada_Site_Icon.jpg","type":"","width":"","height":""}],"twitter_card":"summary_large_image","twitter_misc":{"Tiempo de lectura":"1 minuto"},"schema":{"@context":"https:\/\/schema.org","@graph":[{"@type":"WebPage","@id":"https:\/\/www.copadaurada.com\/nl\/confirmation-kontaktformular\/","url":"https:\/\/www.copadaurada.com\/nl\/confirmation-kontaktformular\/","name":"Formulario de contacto de confirmaci\u00f3n - Copa Daurada","isPartOf":{"@id":"https:\/\/www.copadaurada.com\/nl\/#website"},"primaryImageOfPage":{"@id":"https:\/\/www.copadaurada.com\/nl\/confirmation-kontaktformular\/#primaryimage"},"image":{"@id":"https:\/\/www.copadaurada.com\/nl\/confirmation-kontaktformular\/#primaryimage"},"thumbnailUrl":"https:\/\/www.copadaurada.com\/wp-content\/uploads\/Copa_Daurada_Site_Icon.jpg","datePublished":"2023-01-20T07:31:21+00:00","dateModified":"2023-01-20T07:40:30+00:00","breadcrumb":{"@id":"https:\/\/www.copadaurada.com\/nl\/confirmation-kontaktformular\/#breadcrumb"},"inLanguage":"es","potentialAction":[{"@type":"ReadAction","target":["https:\/\/www.copadaurada.com\/nl\/confirmation-kontaktformular\/"]}]},{"@type":"ImageObject","inLanguage":"es","@id":"https:\/\/www.copadaurada.com\/nl\/confirmation-kontaktformular\/#primaryimage","url":"https:\/\/www.copadaurada.com\/wp-content\/uploads\/Copa_Daurada_Site_Icon.jpg","contentUrl":"https:\/\/www.copadaurada.com\/wp-content\/uploads\/Copa_Daurada_Site_Icon.jpg"},{"@type":"BreadcrumbList","@id":"https:\/\/www.copadaurada.com\/nl\/confirmation-kontaktformular\/#breadcrumb","itemListElement":[{"@type":"ListItem","position":1,"name":"Home","item":"https:\/\/www.copadaurada.com\/"},{"@type":"ListItem","position":2,"name":"Confirmation Kontaktformular"}]},{"@type":"WebSite","@id":"https:\/\/www.copadaurada.com\/nl\/#website","url":"https:\/\/www.copadaurada.com\/nl\/","name":"Copa Daurada","description":"01 - 05 abril 2024, Salou (Barcelona)","publisher":{"@id":"https:\/\/www.copadaurada.com\/nl\/#organization"},"potentialAction":[{"@type":"SearchAction","target":{"@type":"EntryPoint","urlTemplate":"https:\/\/www.copadaurada.com\/nl\/?s={search_term_string}"},"query-input":{"@type":"PropertyValueSpecification","valueRequired":true,"valueName":"search_term_string"}}],"inLanguage":"es"},{"@type":"Organization","@id":"https:\/\/www.copadaurada.com\/nl\/#organization","name":"Copa Daurada","alternateName":"Copa","url":"https:\/\/www.copadaurada.com\/nl\/","logo":{"@type":"ImageObject","inLanguage":"es","@id":"https:\/\/www.copadaurada.com\/nl\/#\/schema\/logo\/image\/","url":"https:\/\/www.copadaurada.com\/wp-content\/uploads\/cropped-Copa_Daurada_Site_Icon.jpg","contentUrl":"https:\/\/www.copadaurada.com\/wp-content\/uploads\/cropped-Copa_Daurada_Site_Icon.jpg","width":512,"height":512,"caption":"Copa Daurada"},"image":{"@id":"https:\/\/www.copadaurada.com\/nl\/#\/schema\/logo\/image\/"}}]}},"_links":{"self":[{"href":"https:\/\/www.copadaurada.com\/es\/wp-json\/wp\/v2\/pages\/9182","targetHints":{"allow":["GET"]}}],"collection":[{"href":"https:\/\/www.copadaurada.com\/es\/wp-json\/wp\/v2\/pages"}],"about":[{"href":"https:\/\/www.copadaurada.com\/es\/wp-json\/wp\/v2\/types\/page"}],"author":[{"embeddable":true,"href":"https:\/\/www.copadaurada.com\/es\/wp-json\/wp\/v2\/users\/3"}],"replies":[{"embeddable":true,"href":"https:\/\/www.copadaurada.com\/es\/wp-json\/wp\/v2\/comments?post=9182"}],"version-history":[{"count":16,"href":"https:\/\/www.copadaurada.com\/es\/wp-json\/wp\/v2\/pages\/9182\/revisions"}],"predecessor-version":[{"id":9200,"href":"https:\/\/www.copadaurada.com\/es\/wp-json\/wp\/v2\/pages\/9182\/revisions\/9200"}],"wp:attachment":[{"href":"https:\/\/www.copadaurada.com\/es\/wp-json\/wp\/v2\/media?parent=9182"}],"curies":[{"name":"wp","href":"https:\/\/api.w.org\/{rel}","templated":true}]}}